{"id":258207,"date":"2023-10-13T17:50:24","date_gmt":"2023-10-13T16:50:24","guid":{"rendered":"https:\/\/sola-diagnostics.com\/our-research\/"},"modified":"2025-05-06T13:34:52","modified_gmt":"2025-05-06T12:34:52","slug":"research","status":"publish","type":"page","link":"https:\/\/sola-diagnostics.com\/en\/research\/","title":{"rendered":"Our Research"},"content":{"rendered":"<p>[et_pb_section fb_built=&#8221;1&#8243; admin_label=&#8221;Submen\u00fc&#8221; _builder_version=&#8221;4.27.4&#8243; _module_preset=&#8221;default&#8221; background_color=&#8221;#7F5E75&#8243; custom_margin=&#8221;0px||0px||false|false&#8221; custom_padding=&#8221;0px||0px||false|false&#8221; sticky_position=&#8221;top&#8221; sticky_position_tablet=&#8221;none&#8221; sticky_position_phone=&#8221;none&#8221; sticky_position_last_edited=&#8221;on|phone&#8221; locked=&#8221;off&#8221; collapsed=&#8221;off&#8221; global_colors_info=&#8221;{}&#8221;][et_pb_row _builder_version=&#8221;4.27.4&#8243; _module_preset=&#8221;default&#8221; custom_padding=&#8221;10px||10px||false|false&#8221; global_colors_info=&#8221;{}&#8221;][et_pb_column type=&#8221;4_4&#8243; _builder_version=&#8221;4.27.4&#8243; _module_preset=&#8221;default&#8221; global_colors_info=&#8221;{}&#8221;][et_pb_text _builder_version=&#8221;4.27.4&#8243; _module_preset=&#8221;default&#8221; text_font=&#8221;Georgia||||||||&#8221; text_text_color=&#8221;#FFFCFC&#8221; text_font_size=&#8221;16px&#8221; link_text_color=&#8221;#FFFCFC&#8221; text_orientation=&#8221;center&#8221; global_colors_info=&#8221;{}&#8221;]<\/p>\n<p><a href=\"https:\/\/sola-diagnostics.com\/en\/doctors\/\">WID\u00ae-easy<\/a> | <a href=\"https:\/\/sola-diagnostics.com\/en\/can\/\">WID\u00ae-can<\/a><\/p>\n<p>[\/et_pb_text][\/et_pb_column][\/et_pb_row][\/et_pb_section][et_pb_section fb_built=&#8221;1&#8243; _builder_version=&#8221;4.27.4&#8243; _module_preset=&#8221;default&#8221; background_color=&#8221;#FFFCFC&#8221; collapsed=&#8221;on&#8221; global_colors_info=&#8221;{}&#8221;][et_pb_row _builder_version=&#8221;4.27.4&#8243; _module_preset=&#8221;default&#8221; global_colors_info=&#8221;{}&#8221;][et_pb_column type=&#8221;4_4&#8243; _builder_version=&#8221;4.22.1&#8243; _module_preset=&#8221;default&#8221; global_colors_info=&#8221;{}&#8221;][et_pb_heading title=&#8221;Our Research&#8221; _builder_version=&#8221;4.27.4&#8243; _module_preset=&#8221;default&#8221; global_colors_info=&#8221;{}&#8221;][\/et_pb_heading][et_pb_text _builder_version=&#8221;4.27.4&#8243; _module_preset=&#8221;default&#8221; hover_enabled=&#8221;0&#8243; global_colors_info=&#8221;{}&#8221; sticky_enabled=&#8221;0&#8243;]<\/p>\n<p>Sola Diagnostics is dedicated to developing innovative epigenetic diagnostics for cancer in women using vaginal swabs.<\/p>\n<p>Sola Diagnostics licenses technologies whose research was started by Prof. Dr. Martin Widschwendter at University College London in the late 1990s and is now being continued at the <a href=\"http:\/\/www.eutops.institute\" target=\"_blank\" rel=\"noopener\">EUTOPS Institute at the University of Innsbruck<\/a>.<\/p>\n<p>A complete list of scientific publications can be found <a href=\"https:\/\/eutops.institute\/institute\/publications\" target=\"_blank\" rel=\"noopener\">here<\/a>.<\/p>\n<p>[\/et_pb_text][\/et_pb_column][\/et_pb_row][\/et_pb_section][et_pb_section fb_built=&#8221;1&#8243; admin_label=&#8221;Divider&#8221; _builder_version=&#8221;4.27.4&#8243; _module_preset=&#8221;default&#8221; background_color=&#8221;#fffcfc&#8221; locked=&#8221;off&#8221; collapsed=&#8221;on&#8221; global_colors_info=&#8221;{}&#8221;][et_pb_row _builder_version=&#8221;4.27.4&#8243; _module_preset=&#8221;default&#8221; global_colors_info=&#8221;{}&#8221;][et_pb_column type=&#8221;4_4&#8243; _builder_version=&#8221;4.27.4&#8243; _module_preset=&#8221;default&#8221; global_colors_info=&#8221;{}&#8221;][et_pb_divider _builder_version=&#8221;4.27.4&#8243; _module_preset=&#8221;default&#8221; global_colors_info=&#8221;{}&#8221;][\/et_pb_divider][\/et_pb_column][\/et_pb_row][\/et_pb_section][et_pb_section fb_built=&#8221;1&#8243; admin_label=&#8221;section &#8211; Prof. Widschwendter&#8221; _builder_version=&#8221;4.27.4&#8243; background_color=&#8221;#FFFCFC&#8221; locked=&#8221;off&#8221; collapsed=&#8221;on&#8221; global_colors_info=&#8221;{}&#8221;][et_pb_row column_structure=&#8221;1_2,1_2&#8243; _builder_version=&#8221;4.27.4&#8243; _module_preset=&#8221;default&#8221; global_colors_info=&#8221;{}&#8221;][et_pb_column type=&#8221;1_2&#8243; _builder_version=&#8221;4.27.4&#8243; _module_preset=&#8221;default&#8221; global_colors_info=&#8221;{}&#8221;][et_pb_heading title=&#8221;Prof Dr Martin Widschwendter&#8221; _builder_version=&#8221;4.27.4&#8243; _module_preset=&#8221;default&#8221; title_level=&#8221;h2&#8243; custom_padding=&#8221;27px||||false|false&#8221; global_colors_info=&#8221;{}&#8221;][\/et_pb_heading][et_pb_text _builder_version=&#8221;4.27.4&#8243; _module_preset=&#8221;default&#8221; global_colors_info=&#8221;{}&#8221;]<\/p>\n<p><a href=\"https:\/\/www.linkedin.com\/in\/martin-widschwendter-66453b3b\/\" target=\"_blank\" rel=\"noopener\">Prof Dr Martin Widschwendter<\/a> is a gynecologic oncologist and pioneer in the field of primary and secondary prevention of gynecologic cancer using epigenetic DNA methylation makers.<\/p>\n<p>He is head of the <a href=\"https:\/\/eutops.institute\/\" target=\"_blank\" rel=\"noopener\">EUTOPS Institute at the University of Innsbruck<\/a>, a professor at University College London and holds a visiting professorship at the Karolinska Institute in Stockholm.<\/p>\n<p>[\/et_pb_text][\/et_pb_column][et_pb_column type=&#8221;1_2&#8243; _builder_version=&#8221;4.27.4&#8243; _module_preset=&#8221;default&#8221; global_colors_info=&#8221;{}&#8221;][et_pb_image src=&#8221;https:\/\/sola-diagnostics.com\/wp-content\/uploads\/2023\/10\/foto_widschwendter.jpg__1200.0x720_q85_crop_subsampling-2_upscale-removebg-preview.png&#8221; title_text=&#8221;foto_widschwendter.jpg__1200.0x720_q85_crop_subsampling-2_upscale-removebg-preview&#8221; url=&#8221;https:\/\/www.linkedin.com\/in\/martin-widschwendter-66453b3b\/&#8221; url_new_window=&#8221;on&#8221; align=&#8221;center&#8221; _builder_version=&#8221;4.27.4&#8243; _module_preset=&#8221;default&#8221; width=&#8221;80%&#8221; max_width=&#8221;100%&#8221; max_width_tablet=&#8221;100%&#8221; max_width_phone=&#8221;100%&#8221; max_width_last_edited=&#8221;on|phone&#8221; module_alignment=&#8221;center&#8221; custom_margin=&#8221;||||false|false&#8221; filter_saturate=&#8221;70%&#8221; global_colors_info=&#8221;{}&#8221;][\/et_pb_image][\/et_pb_column][\/et_pb_row][et_pb_row _builder_version=&#8221;4.27.4&#8243; _module_preset=&#8221;default&#8221; custom_margin=&#8221;||||false|false&#8221; global_colors_info=&#8221;{}&#8221;][et_pb_column type=&#8221;4_4&#8243; _builder_version=&#8221;4.22.1&#8243; _module_preset=&#8221;default&#8221; global_colors_info=&#8221;{}&#8221;][et_pb_image src=&#8221;https:\/\/sola-diagnostics.com\/wp-content\/uploads\/2023\/09\/Universitaten-Logos.png&#8221; title_text=&#8221;Universities logos&#8221; _builder_version=&#8221;4.27.4&#8243; _module_preset=&#8221;default&#8221; global_colors_info=&#8221;{}&#8221;][\/et_pb_image][et_pb_heading title=&#8221;Scientific milestones of Prof Widschwendter&#8221; _builder_version=&#8221;4.27.4&#8243; _module_preset=&#8221;default&#8221; title_level=&#8221;h3&#8243; global_colors_info=&#8221;{}&#8221;][\/et_pb_heading][et_pb_accordion _builder_version=&#8221;4.27.4&#8243; _module_preset=&#8221;default&#8221; global_colors_info=&#8221;{}&#8221;][et_pb_accordion_item title=&#8221;1997 &#8211; Epigenetic Field Cancerization&#8221; open=&#8221;on&#8221; open_toggle_text_color=&#8221;#504756&#8243; open_toggle_background_color=&#8221;#FFFCFC&#8221; closed_toggle_background_color=&#8221;#D9BACB&#8221; icon_color=&#8221;#7F5E75&#8243; toggle_icon=&#8221;&#x47;||divi||400&#8243; use_icon_font_size=&#8221;on&#8221; icon_font_size=&#8221;22px&#8221; _builder_version=&#8221;4.27.4&#8243; _module_preset=&#8221;default&#8221; background_color=&#8221;#FFFCFC&#8221; background_enable_color=&#8221;on&#8221; border_width_all=&#8221;2px&#8221; border_color_all=&#8221;#7F5E75&#8243; global_colors_info=&#8221;{}&#8221; toggle_text_color=&#8221;#504756&#8243; toggle_level=&#8221;h4&#8243; toggle_font=&#8221;||||||||&#8221; toggle_letter_spacing=&#8221;1px&#8221;]<\/p>\n<div><strong><span lang=\"EN-US\">We demonstrated that normal breast tissue adjacent to a breast cancer contained molecular changes that may predispose the breast to form a cancer. We showed that the changes were triggered by abnormal DNA methylation. This has become known as epigenetic field cancerization.<\/span><\/strong><\/div>\n<div><span lang=\"EN-US\">&#8212;<\/span><\/div>\n<p style=\"font-weight: 400;\"><em><span style=\"text-decoration: underline;\">Widschwendter M<\/span>, Berger J, Daxenbichler G, M\u00fcller-Holzner E, Widschwendter A, Mayr A, Marth C, Zeimet AG. Loss of retinoic acid receptor beta expression in breast cancer and morphologically normal adjacent tissue but not in the normal breast tissue distant from the cancer. Cancer Res. (1997); 57:4158-4161. <a href=\"https:\/\/pubmed.ncbi.nlm.nih.gov\/9331065\/\" target=\"_blank\" rel=\"noopener\">PMID: 9331065<\/a>.<\/em><\/p>\n<p style=\"font-weight: 400;\"><em><span style=\"text-decoration: underline;\">Widschwendter M<\/span>, Berger J, Hermann M, M\u00fcller HM, Amberger A, Zeschnigk M, Widschwendter A, Abendstein B, Zeimet AG, Daxenbichler G, Marth C. Methylation and silencing of the retinoic acid receptor-beta2 gene in breast cancer. J Natl Cancer Inst. (2000); 92:826-832. <a href=\"https:\/\/pubmed.ncbi.nlm.nih.gov\/10814678\/\" target=\"_blank\" rel=\"noopener\">PMID: 10814678<\/a>.<\/em><\/p>\n<p>[\/et_pb_accordion_item][et_pb_accordion_item title=&#8221;2004 &#8211; Epigenetics in Surrogate Tissue (cfDNA)&#8221; open_toggle_text_color=&#8221;#504756&#8243; open_toggle_background_color=&#8221;#FFFCFC&#8221; closed_toggle_background_color=&#8221;#D9BACB&#8221; icon_color=&#8221;#7F5E75&#8243; toggle_icon=&#8221;&#x47;||divi||400&#8243; use_icon_font_size=&#8221;on&#8221; icon_font_size=&#8221;22px&#8221; _builder_version=&#8221;4.27.4&#8243; _module_preset=&#8221;default&#8221; background_color=&#8221;#FFFCFC&#8221; background_enable_color=&#8221;on&#8221; border_width_all=&#8221;2px&#8221; border_color_all=&#8221;#7F5E75&#8243; global_colors_info=&#8221;{}&#8221; toggle_text_color=&#8221;#504756&#8243; toggle_level=&#8221;h4&#8243; toggle_font=&#8221;||||||||&#8221; toggle_letter_spacing=&#8221;1px&#8221; open=&#8221;off&#8221;]<\/p>\n<p style=\"font-weight: 400;\"><strong>Cancer detection typically requires direct access to the tumor via (often very invasive) sampling methods. We were one of the first who assessed the analysis of cell-free DNAme in serum\/plasma for cancer detection and assessment of minimal residual disease and outcome (examples provided are for breast and cervical cancer).<\/strong><\/p>\n<p style=\"font-weight: 400;\"><strong>&#8212;<\/strong><\/p>\n<p style=\"font-weight: 400;\"><em>M\u00fcller HM, Widschwendter A, Fiegl H, Ivarsson L, Goebel G, Perkmann E, Marth C, <span style=\"text-decoration: underline;\">Widschwendter M<\/span>. DNA methylation in serum of breast cancer patients: an independent prognostic marker. Cancer Res. (2003); 63:7641-7645. <a href=\"https:\/\/pubmed.ncbi.nlm.nih.gov\/14633683\/\" target=\"_blank\" rel=\"noopener\">PMID: 14633683<\/a>.<\/em><\/p>\n<p style=\"font-weight: 400;\"><em>Widschwendter A, Ivarsson L, Blassnig A, M\u00fcller HM, Fiegl H, Wiedemair A, M\u00fcller-Holzner E, Goebel G, Marth C, <span style=\"text-decoration: underline;\">Widschwendter M<\/span>. CDH1 and CDH13 methylation in serum is an independent prognostic marker in cervical cancer patients. Int J Cancer. (2004); 109:163-166. <a href=\"https:\/\/pubmed.ncbi.nlm.nih.gov\/14750164\/\" target=\"_blank\" rel=\"noopener\"><span class=\"id-label\">PMID: <\/span>14750164<\/a><\/em><\/p>\n<p>[\/et_pb_accordion_item][et_pb_accordion_item title=&#8221;2004 &#8211; Epigenetics for Colorectal Cancer (i.e. fecal sample)&#8221; open_toggle_text_color=&#8221;#504756&#8243; open_toggle_background_color=&#8221;#FFFCFC&#8221; closed_toggle_background_color=&#8221;#D9BACB&#8221; icon_color=&#8221;#7F5E75&#8243; toggle_icon=&#8221;&#x47;||divi||400&#8243; use_icon_font_size=&#8221;on&#8221; icon_font_size=&#8221;22px&#8221; _builder_version=&#8221;4.27.4&#8243; _module_preset=&#8221;default&#8221; background_color=&#8221;#FFFCFC&#8221; background_enable_color=&#8221;on&#8221; border_width_all=&#8221;2px&#8221; border_color_all=&#8221;#7F5E75&#8243; global_colors_info=&#8221;{}&#8221; toggle_text_color=&#8221;#504756&#8243; toggle_level=&#8221;h4&#8243; toggle_font=&#8221;||||||||&#8221; toggle_letter_spacing=&#8221;1px&#8221; open=&#8221;off&#8221;]<\/p>\n<p style=\"font-weight: 400;\"><strong>We were the first to assess whether DNA methylation in stool samples is able to detect colorectal cancer.<\/strong><\/p>\n<p style=\"font-weight: 400;\"><strong>&#8212;<\/strong><\/p>\n<p style=\"font-weight: 400;\"><em>M\u00fcller HM, Oberwalder M, Fiegl H, Morandell M, Goebel G, Zitt M, M\u00fchlthaler M, Ofner D, Margreiter R, <span style=\"text-decoration: underline;\">Widschwendter M<\/span>. Methylation changes in faecal DNA: a marker for colorectal cancer screening? Lancet. (2004); 363:1283-1285. <a href=\"https:\/\/pubmed.ncbi.nlm.nih.gov\/15094274\/\" target=\"_blank\" rel=\"noopener\">PMID: 15094274<\/a>.<\/em><\/p>\n<p>[\/et_pb_accordion_item][et_pb_accordion_item title=&#8221;2004 &#8211; Epigenetics in Self-Sampled Cervico-Vaginal Fluid&#8221; open_toggle_text_color=&#8221;#504756&#8243; open_toggle_background_color=&#8221;#FFFCFC&#8221; closed_toggle_background_color=&#8221;#D9BACB&#8221; icon_color=&#8221;#7F5E75&#8243; toggle_icon=&#8221;&#x47;||divi||400&#8243; use_icon_font_size=&#8221;on&#8221; icon_font_size=&#8221;22px&#8221; _builder_version=&#8221;4.27.4&#8243; _module_preset=&#8221;default&#8221; background_color=&#8221;#FFFCFC&#8221; background_enable_color=&#8221;on&#8221; border_width_all=&#8221;2px&#8221; border_color_all=&#8221;#7F5E75&#8243; global_colors_info=&#8221;{}&#8221; toggle_text_color=&#8221;#504756&#8243; toggle_level=&#8221;h4&#8243; toggle_font=&#8221;||||||||&#8221; toggle_letter_spacing=&#8221;1px&#8221; open=&#8221;off&#8221;]<\/p>\n<p style=\"font-weight: 400;\"><strong>Our early studies showed the potential of samples of fluid from the vagina for early cancer detection. We showed that DNA methylation of a few regions in a sample of vaginal fluid collected on a tampon is able to identify women with endometrial or cervical cancer.<\/strong><\/p>\n<p style=\"font-weight: 400;\"><strong>&#8212;<\/strong><\/p>\n<p style=\"font-weight: 400;\"><em>Fiegl H, Gattringer C, Widschwendter A, Schneitter A, Ramoni A, Sarlay D, Gaugg I, Goebel G, M\u00fcller HM, Mueller-Holzner E, Marth C, <span style=\"text-decoration: underline;\">Widschwendter M<\/span>. Methylated DNA collected by tampons&#8211;a new tool to detect endometrial cancer. Cancer Epidemiol Biomarkers Prev. (2004); 13:882-888. <a href=\"https:\/\/pubmed.ncbi.nlm.nih.gov\/15159323\/\" target=\"_blank\" rel=\"noopener\">PMID: 15159323<\/a>.<\/em><\/p>\n<p style=\"font-weight: 400;\"><em>Widschwendter A, Gattringer C, Ivarsson L, Fiegl H, Schneitter A, Ramoni A, M\u00fcller HM, Wiedemair A, Jerabek S, M\u00fcller-Holzner E, Goebel G, Marth C, <span style=\"text-decoration: underline;\">Widschwendter M<\/span>. Analysis of aberrant DNA methylation and human papillomavirus DNA in cervicovaginal specimens to detect invasive cervical cancer and its precursors. Clin Cancer Res. (2004); 10:3396-3400. <a href=\"https:\/\/pubmed.ncbi.nlm.nih.gov\/15161694\/\" target=\"_blank\" rel=\"noopener\">PMID: 15161694<\/a>.<\/em><\/p>\n<p>[\/et_pb_accordion_item][et_pb_accordion_item title=&#8221;2007 &#8211; PCGT-Methylation Cellular Aging and Cancer&#8221; open_toggle_text_color=&#8221;#504756&#8243; open_toggle_background_color=&#8221;#FFFCFC&#8221; closed_toggle_background_color=&#8221;#D9BACB&#8221; icon_color=&#8221;#7F5E75&#8243; toggle_icon=&#8221;&#x47;||divi||400&#8243; use_icon_font_size=&#8221;on&#8221; icon_font_size=&#8221;22px&#8221; _builder_version=&#8221;4.27.4&#8243; _module_preset=&#8221;default&#8221; background_color=&#8221;#FFFCFC&#8221; background_enable_color=&#8221;on&#8221; border_width_all=&#8221;2px&#8221; border_color_all=&#8221;#7F5E75&#8243; global_colors_info=&#8221;{}&#8221; toggle_text_color=&#8221;#504756&#8243; toggle_level=&#8221;h4&#8243; toggle_font=&#8221;||||||||&#8221; toggle_letter_spacing=&#8221;1px&#8221; open=&#8221;off&#8221;]<\/p>\n<p style=\"font-weight: 400;\"><strong>We pioneered the concept that aberrant DNA methylation at gene promoter sites, which are (reversibly) occupied by the Polycomb Repressor Complex 2 in stem cells, are heavily methylated in cancer. This paper was the first to support the concept that blocking the differentiation of stem cells due to epigenetic mechanisms is one of the key contributing factors to cancer formation. Describe the concept that these Polycomb Group Target Genes (PCGTs) lock stem cells in an undifferentiated status and thereby predispose these cells to cancer transformation. Our later and ongoing studies demonstrate that methylation of these PCGT regions is triggered by age, cell replication and by various exposures like smoking.<\/strong><\/p>\n<p style=\"font-weight: 400;\"><strong>&#8212;<\/strong><\/p>\n<p style=\"font-weight: 400;\"><em><span style=\"text-decoration: underline;\">Widschwendter M<\/span>, Fiegl H, Egle D, Mueller-Holzner E, Spizzo G, Marth C, Weisenberger DJ, Campan M, Young J, Jacobs I, Laird PW. Epigenetic stem cell signature in cancer. Nat Genet. (2007); 39:157-158. <a href=\"https:\/\/pubmed.ncbi.nlm.nih.gov\/17200673\/\" target=\"_blank\" rel=\"noopener\">PMID: 17200673<\/a>.<\/em><\/p>\n<p>[\/et_pb_accordion_item][et_pb_accordion_item title=&#8221;2009 &#8211; EWAS &#8211; Epigenome Wide Association Studies&#8221; open_toggle_text_color=&#8221;#504756&#8243; open_toggle_background_color=&#8221;#FFFCFC&#8221; closed_toggle_background_color=&#8221;#D9BACB&#8221; icon_color=&#8221;#7F5E75&#8243; toggle_icon=&#8221;&#x47;||divi||400&#8243; use_icon_font_size=&#8221;on&#8221; icon_font_size=&#8221;22px&#8221; _builder_version=&#8221;4.27.4&#8243; _module_preset=&#8221;default&#8221; background_color=&#8221;#FFFCFC&#8221; background_enable_color=&#8221;on&#8221; border_width_all=&#8221;2px&#8221; border_color_all=&#8221;#7F5E75&#8243; global_colors_info=&#8221;{}&#8221; toggle_text_color=&#8221;#504756&#8243; toggle_level=&#8221;h4&#8243; toggle_font=&#8221;||||||||&#8221; toggle_letter_spacing=&#8221;1px&#8221; open=&#8221;off&#8221;]<\/p>\n<div><strong><span lang=\"EN-US\">We performed the first larger-scale epigenotyping study, demonstrating that DNA methylation may serve as a link between the environment and the genome. Modifiable factors, like hormones, leave an imprint in the DNA of cells that are unrelated to the target organ and indicate the predisposition of an individual to develop cancer.<\/span><\/strong><\/div>\n<div><strong><span lang=\"EN-US\">&#8212;<\/span><\/strong><\/div>\n<p style=\"font-weight: 400;\"><em><span style=\"text-decoration: underline;\">Widschwendter M<\/span>, Apostolidou S, Raum E, Rothenbacher D, Fiegl H, Menon U, Stegmaier C, Jacobs IJ, Brenner H. Epigenotyping in peripheral blood cell DNA and breast cancer risk: a proof of principle study. PLoS One (2008 Jul 16); 3(7):e2656. <a href=\"https:\/\/pubmed.ncbi.nlm.nih.gov\/18628976\/\" target=\"_blank\" rel=\"noopener\">PMID: 18628976<\/a>.<\/em><\/p>\n<p>[\/et_pb_accordion_item][et_pb_accordion_item title=&#8221;2008 &#8211; Tissue Specificity of the Epigenome&#8221; open_toggle_text_color=&#8221;#504756&#8243; open_toggle_background_color=&#8221;#FFFCFC&#8221; closed_toggle_background_color=&#8221;#D9BACB&#8221; icon_color=&#8221;#7F5E75&#8243; toggle_icon=&#8221;&#x47;||divi||400&#8243; use_icon_font_size=&#8221;on&#8221; icon_font_size=&#8221;22px&#8221; _builder_version=&#8221;4.27.4&#8243; _module_preset=&#8221;default&#8221; background_color=&#8221;#FFFCFC&#8221; background_enable_color=&#8221;on&#8221; border_width_all=&#8221;2px&#8221; border_color_all=&#8221;#7F5E75&#8243; global_colors_info=&#8221;{}&#8221; toggle_text_color=&#8221;#504756&#8243; toggle_level=&#8221;h4&#8243; toggle_font=&#8221;||||||||&#8221; toggle_letter_spacing=&#8221;1px&#8221; open=&#8221;off&#8221;]<\/p>\n<p style=\"font-weight: 400;\"><strong>This research highlighted the importance of considering the cell-type specificity of the epigenome when utilizing it for disease prediction. We developed a DNAme based risk predictor for ovarian cancer by comparing blood DNA from women with and without active ovarian cancer with a Receiver Operator Characteristic Area Under the Curve significantly in excess of 0.8 in an independent validation set. However, we eventually realized that the actual DNAme profile was a reflection of the increased granulocyte\/lymphocyte ratio which was elevated in women with active ovarian cancers and not an indicator of future risk.<\/strong><\/p>\n<p style=\"font-weight: 400;\"><strong>&#8212;<\/strong><\/p>\n<p style=\"font-weight: 400;\"><em>Teschendorff AE. Menon U, Gentry-Maharaj A, Ramus SJ, Gayther SA, Apostolidou S, Jones A, Lechner M, Beck S, Jacobs IJ &amp; <span style=\"text-decoration: underline;\">Widschwendter M<\/span>. An epigenetic signature in peripheral blood predicts active ovarian cancer. PLoS One. (2009 dec); 4(12), e8274. <a href=\"https:\/\/pubmed.ncbi.nlm.nih.gov\/20019873\/\" target=\"_blank\" rel=\"noopener\">PMID: 20019873<\/a>.<\/em><\/p>\n<p>[\/et_pb_accordion_item][et_pb_accordion_item title=&#8221;2018 &#8211; Cancer Risk Prediction in Surrogate Tissue&#8221; open_toggle_text_color=&#8221;#504756&#8243; open_toggle_background_color=&#8221;#FFFCFC&#8221; closed_toggle_background_color=&#8221;#D9BACB&#8221; icon_color=&#8221;#7F5E75&#8243; toggle_icon=&#8221;&#x47;||divi||400&#8243; use_icon_font_size=&#8221;on&#8221; icon_font_size=&#8221;22px&#8221; _builder_version=&#8221;4.27.4&#8243; _module_preset=&#8221;default&#8221; background_color=&#8221;#FFFCFC&#8221; background_enable_color=&#8221;on&#8221; border_width_all=&#8221;2px&#8221; border_color_all=&#8221;#7F5E75&#8243; global_colors_info=&#8221;{}&#8221; toggle_text_color=&#8221;#504756&#8243; toggle_level=&#8221;h4&#8243; toggle_font=&#8221;||||||||&#8221; toggle_letter_spacing=&#8221;1px&#8221; open=&#8221;off&#8221;]<\/p>\n<p><strong>We were the first to demonstrate that epigenetic footprints in hormone-sensitive cervical cells are a good proxy that best captures the risk for various women-specific cancers, including breast cancer.<\/strong><\/p>\n<p><span style=\"color: #000000;\"><strong>&#8212;<\/strong><\/span><\/p>\n<p style=\"font-weight: 400;\"><em>Barrett JE, Herzog C, Jones A, Leavy OC, Evans I, Knapp S, Reisel D, Nazarenko T, Kim Y-N, Franchi D, Ryan A, Franks J, Bj\u00f8rge L, Zikan M, Cibula D, Harbeck N, Colombo N, Dudbridge F, Jones L, Sundstr\u00f6m K, Dillner J, Fl\u00f6ter R\u00e5destad A, Gemzell-Danielsson K, Pashayan N, <span style=\"text-decoration: underline;\">Widschwendter M<\/span>. The WID-BC-index identifies women with primary poor prognostic breast cancer based on DNA methylation in cervical samples. Nat Commun. (2022 Feb 01); 13(1):449. <a href=\"https:\/\/www.nature.com\/articles\/s41467-021-27918-w\" target=\"_blank\" rel=\"noopener\">doi: 10.1038\/s41467-021-27918-w<\/a>. <a href=\"https:\/\/pubmed.ncbi.nlm.nih.gov\/35105882\/\" target=\"_blank\" rel=\"noopener\">PMID: 35105882<\/a>.<\/em><\/p>\n<p>[\/et_pb_accordion_item][et_pb_accordion_item title=&#8221;2022 &#8211; Epigenetics Monitoring for Primary Prevention of Breast Cancer&#8221; open_toggle_text_color=&#8221;#504756&#8243; open_toggle_background_color=&#8221;#FFFCFC&#8221; closed_toggle_background_color=&#8221;#D9BACB&#8221; icon_color=&#8221;#7F5E75&#8243; toggle_icon=&#8221;&#x47;||divi||400&#8243; use_icon_font_size=&#8221;on&#8221; icon_font_size=&#8221;22px&#8221; _builder_version=&#8221;4.27.4&#8243; _module_preset=&#8221;default&#8221; background_color=&#8221;#FFFCFC&#8221; background_enable_color=&#8221;on&#8221; border_width_all=&#8221;2px&#8221; border_color_all=&#8221;#7F5E75&#8243; global_colors_info=&#8221;{}&#8221; toggle_text_color=&#8221;#504756&#8243; toggle_level=&#8221;h4&#8243; toggle_font=&#8221;||||||||&#8221; toggle_letter_spacing=&#8221;1px&#8221; open=&#8221;off&#8221;]<\/p>\n<p style=\"font-weight: 400;\"><strong>We describe the potential for individualized breast cancer prevention and risk monitoring using antiprogestins and a novel type of epigenetic test, the WID-Breast29. Our findings may be particularly valuable for individuals at the highest risk, for instance, BRCA mutation carriers.<\/strong><\/p>\n<p style=\"font-weight: 400;\"><strong>&#8212;<\/strong><\/p>\n<p style=\"font-weight: 400;\"><em>Bartlett TE, Evans I, Jones A, Barrett JE, Haran S, Reisel D, \u2026 Howell SJ, Risques RA, Fl\u00f6ter R\u00e5destad A, Dubeau L, Gemzell-Danielsson K, <span style=\"text-decoration: underline;\">Widschwendter M<\/span>. Antiprogestins reduce epigenetic field cancerization in breast tissue of young healthy women. Genome Med. (2022 Jun 15); 14(1):64. <a href=\"https:\/\/genomemedicine.biomedcentral.com\/articles\/10.1186\/s13073-022-01063-5\" target=\"_blank\" rel=\"noopener\">doi: 10.1186\/s13073-022-01063-5<\/a>. <a href=\"https:\/\/pubmed.ncbi.nlm.nih.gov\/35701800\/\" target=\"_blank\" rel=\"noopener\"><span class=\"id-label\">PMID: <\/span>35701800<\/a><\/em><\/p>\n<p>[\/et_pb_accordion_item][\/et_pb_accordion][\/et_pb_column][\/et_pb_row][\/et_pb_section]<\/p>\n","protected":false},"excerpt":{"rendered":"<p>WID\u00ae-easy | WID\u00ae-canSola Diagnostics is dedicated to developing innovative epigenetic diagnostics for cancer in women using vaginal swabs. Sola Diagnostics licenses technologies whose research was started by Prof. Dr. Martin Widschwendter at University College London in the late 1990s and is now being continued at the EUTOPS Institute at the University of Innsbruck. A complete [&hellip;]<\/p>\n","protected":false},"author":2,"featured_media":0,"parent":0,"menu_order":0,"comment_status":"closed","ping_status":"closed","template":"","meta":{"_et_pb_use_builder":"on","_et_pb_old_content":"","_et_gb_content_width":"","footnotes":""},"class_list":["post-258207","page","type-page","status-publish","hentry"],"_links":{"self":[{"href":"https:\/\/sola-diagnostics.com\/en\/wp-json\/wp\/v2\/pages\/258207","targetHints":{"allow":["GET"]}}],"collection":[{"href":"https:\/\/sola-diagnostics.com\/en\/wp-json\/wp\/v2\/pages"}],"about":[{"href":"https:\/\/sola-diagnostics.com\/en\/wp-json\/wp\/v2\/types\/page"}],"author":[{"embeddable":true,"href":"https:\/\/sola-diagnostics.com\/en\/wp-json\/wp\/v2\/users\/2"}],"replies":[{"embeddable":true,"href":"https:\/\/sola-diagnostics.com\/en\/wp-json\/wp\/v2\/comments?post=258207"}],"version-history":[{"count":0,"href":"https:\/\/sola-diagnostics.com\/en\/wp-json\/wp\/v2\/pages\/258207\/revisions"}],"wp:attachment":[{"href":"https:\/\/sola-diagnostics.com\/en\/wp-json\/wp\/v2\/media?parent=258207"}],"curies":[{"name":"wp","href":"https:\/\/api.w.org\/{rel}","templated":true}]}}