{"id":260070,"date":"2024-06-03T16:24:59","date_gmt":"2024-06-03T15:24:59","guid":{"rendered":"https:\/\/sola-diagnostics.com\/news-3\/"},"modified":"2025-01-09T14:30:39","modified_gmt":"2025-01-09T13:30:39","slug":"news","status":"publish","type":"page","link":"https:\/\/sola-diagnostics.com\/en\/news\/","title":{"rendered":"News"},"content":{"rendered":"<p>[et_pb_section fb_built=&#8221;1&#8243; _builder_version=&#8221;4.22.1&#8243; _module_preset=&#8221;default&#8221; global_colors_info=&#8221;{}&#8221;][et_pb_row _builder_version=&#8221;4.22.1&#8243; _module_preset=&#8221;default&#8221; global_colors_info=&#8221;{}&#8221;][et_pb_column type=&#8221;4_4&#8243; _builder_version=&#8221;4.22.1&#8243; _module_preset=&#8221;default&#8221; global_colors_info=&#8221;{}&#8221;][et_pb_heading title=&#8221;News&#8221; _builder_version=&#8221;4.22.1&#8243; _module_preset=&#8221;default&#8221; global_colors_info=&#8221;{}&#8221;][\/et_pb_heading][\/et_pb_column][\/et_pb_row][et_pb_row _builder_version=&#8221;4.22.1&#8243; _module_preset=&#8221;default&#8221; global_colors_info=&#8221;{}&#8221;][et_pb_column type=&#8221;4_4&#8243; _builder_version=&#8221;4.22.1&#8243; _module_preset=&#8221;default&#8221; global_colors_info=&#8221;{}&#8221;][et_pb_blog fullwidth=&#8221;off&#8221; posts_number=&#8221;30&#8243; include_categories=&#8221;1,current,all&#8221; show_author=&#8221;off&#8221; show_categories=&#8221;off&#8221; show_pagination=&#8221;off&#8221; _builder_version=&#8221;4.27.4&#8243; _module_preset=&#8221;default&#8221; hover_enabled=&#8221;0&#8243; global_colors_info=&#8221;{}&#8221; show_excerpt=&#8221;off&#8221; sticky_enabled=&#8221;0&#8243; custom_css_free_form=&#8221;\/* Sicherstellen, dass alle Blog-Posts dieselbe H\u00f6he haben *\/||.et_pb_blog_grid .et_pb_post {||    display: flex;||    flex-direction: column;||    height: 100%;||}||||\/* Gleiche H\u00f6he f\u00fcr Titel, Meta-Daten und Content-Bereich *\/||.et_pb_blog_grid .et_pb_post .entry-title {||    display: -webkit-box;||    -webkit-line-clamp: 5; \/* Maximal 4 Zeilen *\/||    -webkit-box-orient: vertical;||    overflow: hidden;||    text-overflow: ellipsis; \/* Optional: Falls \u00dcberschrift zu lang ist *\/||    min-height: 7em; \/* H\u00f6he f\u00fcr genau 4 Zeilen (1.4em pro Zeile) *\/||    line-height: 1.4em; \/* Zeilenh\u00f6he *\/||}||||\/* Meta-Daten und Inhalte gleichm\u00e4\u00dfig verteilen *\/||.et_pb_blog_grid .et_pb_post .post-meta,||.et_pb_blog_grid .et_pb_post .post-content {||    flex-grow: 1; \/* Inhalte gleichm\u00e4\u00dfig verteilen *\/||}||||\/* Vorschaubilder (Thumbnails) einheitlich gestalten *\/||.et_pb_blog_grid .et_pb_post img {||    object-fit: cover;||    width: 100%;||    height: 200px; \/* H\u00f6he anpassen *\/||}||||\/* Maximale H\u00f6he f\u00fcr Blog-Beitr\u00e4ge definieren *\/||.et_pb_blog_grid .et_pb_post {||    max-height: 500px; \/* Passe diese H\u00f6he an deine Anforderungen an *\/||    overflow: hidden; \/* Schneidet \u00fcberfl\u00fcssigen Inhalt ab *\/||}||||\/* Responsives Verhalten: kleinere Bildschirme *\/||@media (max-width: 768px) {||    .et_pb_blog_grid .et_pb_post {||        height: auto; \/* Automatische H\u00f6he f\u00fcr mobile Ger\u00e4te *\/||    }||}&#8221;][\/et_pb_blog][\/et_pb_column][\/et_pb_row][\/et_pb_section]<\/p>\n","protected":false},"excerpt":{"rendered":"","protected":false},"author":2,"featured_media":0,"parent":0,"menu_order":0,"comment_status":"closed","ping_status":"closed","template":"","meta":{"_et_pb_use_builder":"on","_et_pb_old_content":"","_et_gb_content_width":"","footnotes":""},"class_list":["post-260070","page","type-page","status-publish","hentry"],"_links":{"self":[{"href":"https:\/\/sola-diagnostics.com\/en\/wp-json\/wp\/v2\/pages\/260070","targetHints":{"allow":["GET"]}}],"collection":[{"href":"https:\/\/sola-diagnostics.com\/en\/wp-json\/wp\/v2\/pages"}],"about":[{"href":"https:\/\/sola-diagnostics.com\/en\/wp-json\/wp\/v2\/types\/page"}],"author":[{"embeddable":true,"href":"https:\/\/sola-diagnostics.com\/en\/wp-json\/wp\/v2\/users\/2"}],"replies":[{"embeddable":true,"href":"https:\/\/sola-diagnostics.com\/en\/wp-json\/wp\/v2\/comments?post=260070"}],"version-history":[{"count":0,"href":"https:\/\/sola-diagnostics.com\/en\/wp-json\/wp\/v2\/pages\/260070\/revisions"}],"wp:attachment":[{"href":"https:\/\/sola-diagnostics.com\/en\/wp-json\/wp\/v2\/media?parent=260070"}],"curies":[{"name":"wp","href":"https:\/\/api.w.org\/{rel}","templated":true}]}}